{"id":1154,"date":"2026-04-01T22:13:20","date_gmt":"2026-04-01T22:13:20","guid":{"rendered":"https:\/\/sirioapp.com\/?page_id=1154"},"modified":"2026-04-08T22:34:07","modified_gmt":"2026-04-08T22:34:07","slug":"aviso-privacidad","status":"publish","type":"page","link":"https:\/\/sirioapp.com\/index.php\/aviso-privacidad\/","title":{"rendered":"Aviso de privacidad"},"content":{"rendered":"\n<p>Sirio Soluciones Digitales SAPI de C.V. (\u201cSirio\u201d o \u201cnosotros\u201d), con domicilio en Calle Gabino Barreda 104, int. 101, San Rafael, 06470, Ciudad de M\u00e9xico, reconoce la importancia del tratamiento leg\u00edtimo, controlado e informado de tus datos personales, por lo que, de acuerdo a lo establecido en la \u2018Ley Federal de Protecci\u00f3n de Datos Personales en Posesi\u00f3n de los Particulares\u2019 y su Reglamento (conjuntamente, la \u201cLey\u201d), Sirio pone a tu disposici\u00f3n este Aviso de Privacidad (\u201cAviso de Privacidad\u201d).<\/p>\n\n\n\n<h3 class=\"wp-block-heading\"><strong>Datos Personales<\/strong><\/h3>\n\n\n\n<p>En Sirio ofrecemos herramientas digitales y plataformas de datos modulares que permiten a los productores, a sus organizaciones y a otros actores de la cadena de valor resolver sus retos espec\u00edficos, fortalecer su producci\u00f3n, comercializaci\u00f3n o suministro y generar impacto social y ambiental.<\/p>\n\n\n\n<p>Derivado de lo anterior, Sirio puede recabar los siguientes datos personales conforme se especifica.<\/p>\n\n\n\n<ul class=\"wp-block-list\">\n<li>Datos de identificaci\u00f3n y contacto:\u00a0nombre completo, domicilio, tel\u00e9fono fijo y\/o celular, correo electr\u00f3nico, fotograf\u00eda e imagen, firma.<\/li>\n\n\n\n<li>Datos de usuario y publicaciones:\u00a0informaci\u00f3n de registro, nombre, correo electr\u00f3nico, nombre de usuario, contrase\u00f1a, direcci\u00f3n, informaci\u00f3n que publiques en el Sitio, mismo que se define en y rige conforme a, los T\u00e9rminos y Condiciones de Sirio, mismos que te alentamos leas con detenimiento previamente a proporcionar cualquier dato personal. Ten en cuenta que cierta informaci\u00f3n que publiques en el Sitio (a excepci\u00f3n de la que proporciones al registrarte) podr\u00e1 ser visible a otros usuarios del Sitio y, por tanto, p\u00fablica.<\/li>\n\n\n\n<li>Datos de representaci\u00f3n o de la persona de contacto (de ser necesario):\u00a0nombre completo, domicilio, tel\u00e9fono fijo y\/o celular, correo electr\u00f3nico, nombre de la persona\/entidad a la que representa.<\/li>\n<\/ul>\n\n\n\n<h3 class=\"wp-block-heading\"><strong>Finalidades o Usos de tus Datos Personales<\/strong><\/h3>\n\n\n\n<p>Los datos recabados ser\u00e1n tratados o utilizados para dar cumplimiento a la relaci\u00f3n que tengamos contigo y para llevar a cabo las finalidades que a continuaci\u00f3n se incluyen:<\/p>\n\n\n\n<ul class=\"wp-block-list\">\n<li>Crear una base de datos especializada de los agentes del sector agr\u00edcola;<\/li>\n\n\n\n<li>Proporcionarles acceso al Sitio;<\/li>\n\n\n\n<li>Permitirle ponerse en contacto, a trav\u00e9s del Sitio, con otros agentes del sector agr\u00edcola,<\/li>\n\n\n\n<li>Proporcionar un medio (el Sitio) para ayudar a crear conexiones, impulsar la colaboraci\u00f3n, compartir informaci\u00f3n del sector, fomentar la innovaci\u00f3n, entre otros, entre los agentes o Usuarios;<\/li>\n\n\n\n<li>Responder a tus dudas o comentarios;<\/li>\n\n\n\n<li>Dar asesor\u00eda o corregir errores relacionados con el Sitio;<\/li>\n\n\n\n<li>Ponernos en contacto contigo;<\/li>\n\n\n\n<li>Proporcionarte informaci\u00f3n relacionada con el sector para que se puedas tomar decisiones estrat\u00e9gicas;<\/li>\n\n\n\n<li>Enviarle informaci\u00f3n sobre su cuenta en el Sitio, as\u00ed como la que haya solicitado o aquella relacionada con el sector que pudiera ser de su inter\u00e9s;<\/li>\n\n\n\n<li>Para garantizar la seguridad de Sirio y defender nuestros derechos y propiedad;<\/li>\n\n\n\n<li>Para cumplir y hacer cumplir nuestros T\u00e9rminos y Condiciones y dem\u00e1s documentos aplicables;<\/li>\n\n\n\n<li>Cumplir con obligaciones legales y requerimientos de autoridad competente.<\/li>\n<\/ul>\n\n\n\n<h3 class=\"wp-block-heading\"><strong>Transferencias de los Datos Personales<\/strong><\/h3>\n\n\n\n<p>Para cumplir con las finalidades anteriormente mencionadas, Sirio podr\u00e1 transferir tus datos personales a las siguientes personas f\u00edsicas o morales:<\/p>\n\n\n\n<figure class=\"wp-block-table\"><table class=\"has-fixed-layout\"><thead><tr><th><strong>Destinatario<\/strong><\/th><th><strong>Finalidad<\/strong><\/th><\/tr><\/thead><tbody><tr><td>Entidades que colaboran con Sirio<\/td><td>Para el correcto funcionamiento del Sitio<\/td><\/tr><tr><td>Autoridades competentes<\/td><td>Cuando sea requerido por Ley<\/td><\/tr><tr><td>A terceros, conforme a las excepciones que marca la Ley<\/td><td>Para cumplir con obligaciones legales<\/td><\/tr><\/tbody><\/table><\/figure>\n\n\n\n<h3 class=\"wp-block-heading\"><strong>Medidas de seguridad<\/strong><\/h3>\n\n\n\n<p>Sirio ha adoptado y mantiene las medidas de seguridad administrativa, t\u00e9cnica y f\u00edsica necesarias para proteger los datos personales contra da\u00f1o, p\u00e9rdida, alteraci\u00f3n, destrucci\u00f3n o el uso, acceso o tratamiento no autorizado. Sin embargo, por favor ten en cuenta que las transmisiones de informaci\u00f3n o transacciones por Internet nunca son 100% seguras, por lo que Sirio no ser\u00e1 responsable de alguna vulneraci\u00f3n de seguridad que pudiese ocurrir o por el acceso o intercepci\u00f3n no autorizada de tus datos personales o cualquier otra informaci\u00f3n.<\/p>\n\n\n\n<h3 class=\"wp-block-heading\"><strong>Uso de Tecnolog\u00edas de Seguimiento<\/strong><\/h3>\n\n\n\n<p>Para proporcionar el servicio del Sitio y para su correcto funcionamiento, Sirio podr\u00e1 utilizar cookies y otras tecnolog\u00edas de seguimiento, que pueden recabar ciertos datos personales y otra informaci\u00f3n no personal. La obtenci\u00f3n de esta informaci\u00f3n se da por el simple uso e interacci\u00f3n con el Sitio. Los datos que se pueden recabar a trav\u00e9s de estas tecnolog\u00edas son: direcciones de Protocolo de Internet, el sistema operativo que utiliza, tipo de navegador, el tiempo que pasa en nuestro Sitio y la ruta que Usted sigue durante el tiempo que pasa navegando en el Sitio. Estos datos se recaban \u00fanicamente con el prop\u00f3sito de generar estad\u00edsticas relativas a las visitas del Sitio y para su funcionamiento.<\/p>\n\n\n\n<p>Es posible deshabilitar estas tecnolog\u00edas de seguimiento en todo tipo de navegadores; sin embargo, a manera de ejemplo, se se\u00f1alan a continuaci\u00f3n los pasos que hay que seguir para deshabilitarlas en Google Chrome: Ir al men\u00fa \u201cHerramientas\u201d; dar clic en \u201cborrar datos de navegaci\u00f3n\u201d, seleccionar la opci\u00f3n \u201celiminar cookies y otros datos de sitios y de complementos\u201d, dar clic en \u201caceptar\u201d. Tenga en cuenta que al deshabilitar o bloquear estos mecanismos se puede ocasionar que el Sitio no funcione correctamente.<\/p>\n\n\n\n<p>Para saber m\u00e1s sobre el tema, consulte&nbsp;<a href=\"http:\/\/www.allaboutcookies.org\/es\/\">http:\/\/www.allaboutcookies.org\/es\/<\/a>.<\/p>\n\n\n\n<h3 class=\"wp-block-heading\"><strong>Enlaces a Otros Sitios Web<\/strong><\/h3>\n\n\n\n<p>Nuestro sitio web, puede contener enlaces a sitios web de terceros. Sirio, en ning\u00fan momento se responsabiliza por el contenido que se encuentre en dichos sitios. Sirio no ha dado aprobaci\u00f3n, autorizaci\u00f3n, patrocinio o afiliaci\u00f3n con respecto a dichos sitios, sus due\u00f1os o proveedores. Te alentamos a revisar el aviso de privacidad y los t\u00e9rminos y condiciones de uso de cada sitio que visites, siempre antes de proporcionar alg\u00fan dato personal.<\/p>\n\n\n\n<h3 class=\"wp-block-heading\"><strong>Tus Derechos<\/strong><\/h3>\n\n\n\n<p>Como titular de tus datos personales, puedes ejercitar ante la Persona encargada de Protecci\u00f3n de Datos de Sirio, los derechos de acceso, rectificaci\u00f3n, cancelaci\u00f3n y oposici\u00f3n (conocidos como derechos \u201cARCO\u201d). De igual forma puedes limitar el uso y divulgaci\u00f3n de tus datos personales o revocar el consentimiento que hayas otorgado para su tratamiento.<\/p>\n\n\n\n<p>Para el ejercicio de tus derechos, deber\u00e1s enviar tu solicitud al correo electr\u00f3nico&nbsp;<a href=\"mailto:hola@sirioapp.com\">hola@sirioapp.com<\/a>, o entregarla f\u00edsicamente a la direcci\u00f3n mencionada al inicio del presente Aviso de Privacidad.<\/p>\n\n\n\n<p>Su solicitud deber\u00e1 contener, al menos, lo siguiente: (i) nombre y domicilio del titular de los datos u otro medio para recibir respuesta, (ii) documentos que acrediten tu identidad o representaci\u00f3n legal, (iii) la descripci\u00f3n clara y precisa de los datos personales respecto de los que se busca ejercer alguno de los derechos mencionados, y, (iv) cualquier otro elemento que facilite la localizaci\u00f3n de tus datos.<\/p>\n\n\n\n<p>Te responderemos sobre la procedencia de tu solicitud en un plazo de 20 d\u00edas h\u00e1biles contados a partir de su recepci\u00f3n y, de ser procedente, tendr\u00e1s 15 d\u00edas h\u00e1biles para hacer efectivo el derecho que hayas solicitado.<\/p>\n\n\n\n<p>Se considerar\u00e1 que se ha otorgado acceso a tus datos personales cuando \u00e9stos sean puestos a tu disposici\u00f3n, sin importar por qu\u00e9 medio o formato; o bien, se le proporcionar\u00e1n copias simples de tus datos, a elecci\u00f3n de Sirio.<\/p>\n\n\n\n<p>En cuanto a la revocaci\u00f3n de su consentimiento, por favor ten en cuenta que puedes eliminar tu cuenta de Usuario, como se describe en los T\u00e9rminos y Condiciones, en cualquier momento. Sin embargo, puede ser que necesitemos conservar ciertos datos personales para cumplir con obligaciones legales u otras de las finalidades especificadas. Tambi\u00e9n en otros casos la revocaci\u00f3n del consentimiento podr\u00eda no siempre ser aplicable, pero esto se te informar\u00eda en la contestaci\u00f3n a tu solicitud.<\/p>\n\n\n\n<h3 class=\"wp-block-heading\"><strong>Cambios al Aviso de Privacidad<\/strong><\/h3>\n\n\n\n<p>Sirio se reserva el derecho de realizar modificaciones o actualizaciones al presente Aviso de Privacidad. La versi\u00f3n actualizada del Aviso de Privacidad estar\u00e1 disponible en nuestro sitio web. Le recomendamos revisarlo peri\u00f3dicamente. De ser necesario obtener tu consentimiento nuevamente, se te enviar\u00e1 un correo electr\u00f3nico.<\/p>\n\n\n\n<h3 class=\"wp-block-heading\"><strong>Contacto<\/strong><\/h3>\n\n\n\n<p>En caso de tener dudas o comentarios respecto al presente Aviso, le pedimos nos contacte a trav\u00e9s de la siguiente direcci\u00f3n de correo electr\u00f3nico&nbsp;<a href=\"mailto:hola@sirioapp.com\">hola@sirioapp.com<\/a>, o en la direcci\u00f3n anteriormente se\u00f1alada.<\/p>\n\n\n\n<p><\/p>\n","protected":false},"excerpt":{"rendered":"<p>Sirio Soluciones Digitales SAPI de C.V. (\u201cSirio\u201d o \u201cnosotros\u201d), con domicilio en Calle Gabino Barreda 104, int. 101, San Rafael, 06470, Ciudad de M\u00e9xico, reconoce la importancia del tratamiento leg\u00edtimo, controlado e informado de tus datos personales, por lo que, de acuerdo a lo establecido en la \u2018Ley Federal de Protecci\u00f3n de Datos Personales en [&hellip;]<\/p>\n","protected":false},"author":1,"featured_media":0,"parent":0,"menu_order":0,"comment_status":"closed","ping_status":"closed","template":"","meta":{"footnotes":""},"class_list":["post-1154","page","type-page","status-publish","hentry"],"_links":{"self":[{"href":"https:\/\/sirioapp.com\/index.php\/wp-json\/wp\/v2\/pages\/1154","targetHints":{"allow":["GET"]}}],"collection":[{"href":"https:\/\/sirioapp.com\/index.php\/wp-json\/wp\/v2\/pages"}],"about":[{"href":"https:\/\/sirioapp.com\/index.php\/wp-json\/wp\/v2\/types\/page"}],"author":[{"embeddable":true,"href":"https:\/\/sirioapp.com\/index.php\/wp-json\/wp\/v2\/users\/1"}],"replies":[{"embeddable":true,"href":"https:\/\/sirioapp.com\/index.php\/wp-json\/wp\/v2\/comments?post=1154"}],"version-history":[{"count":2,"href":"https:\/\/sirioapp.com\/index.php\/wp-json\/wp\/v2\/pages\/1154\/revisions"}],"predecessor-version":[{"id":1159,"href":"https:\/\/sirioapp.com\/index.php\/wp-json\/wp\/v2\/pages\/1154\/revisions\/1159"}],"wp:attachment":[{"href":"https:\/\/sirioapp.com\/index.php\/wp-json\/wp\/v2\/media?parent=1154"}],"curies":[{"name":"wp","href":"https:\/\/api.w.org\/{rel}","templated":true}]}}